{"id":1802,"date":"2024-05-03T15:08:00","date_gmt":"2024-05-03T19:08:00","guid":{"rendered":"https:\/\/droletgarant.evquebec.com\/about-us\/"},"modified":"2025-07-30T12:46:03","modified_gmt":"2025-07-30T16:46:03","slug":"about-us","status":"publish","type":"page","link":"https:\/\/droletgarant.evquebec.com\/en\/about-us\/","title":{"rendered":"About us"},"content":{"rendered":"\t\t<div data-elementor-type=\"wp-page\" data-elementor-id=\"1802\" class=\"elementor elementor-1802 elementor-87\" data-elementor-post-type=\"page\">\n\t\t\t\t<div class=\"elementor-element elementor-element-7246641 elementor-hidden-desktop elementor-hidden-laptop elementor-hidden-tablet_extra elementor-hidden-tablet elementor-hidden-mobile e-flex e-con-boxed e-con e-parent\" data-id=\"7246641\" data-element_type=\"container\" data-e-type=\"container\" data-settings=\"{&quot;background_background&quot;:&quot;classic&quot;}\">\n\t\t\t\t\t<div class=\"e-con-inner\">\n\t\t<div class=\"elementor-element elementor-element-b0b0114 e-con-full elementor-hidden-tablet e-flex e-con e-child\" data-id=\"b0b0114\" data-element_type=\"container\" data-e-type=\"container\" data-settings=\"{&quot;background_background&quot;:&quot;classic&quot;}\">\n\t\t<div class=\"elementor-element elementor-element-38a291f e-con-full e-flex e-con e-child\" data-id=\"38a291f\" data-element_type=\"container\" data-e-type=\"container\">\n\t\t<div class=\"elementor-element elementor-element-9f75fe2 e-con-full e-flex e-con e-child\" data-id=\"9f75fe2\" data-element_type=\"container\" data-e-type=\"container\">\n\t\t\t\t<div class=\"elementor-element elementor-element-3963393 animated-slow elementor-invisible elementor-widget elementor-widget-heading\" data-id=\"3963393\" data-element_type=\"widget\" data-e-type=\"widget\" data-settings=\"{&quot;_animation&quot;:&quot;fadeInDown&quot;,&quot;_animation_delay&quot;:100}\" data-widget_type=\"heading.default\">\n\t\t\t\t<div class=\"elementor-widget-container\">\n\t\t\t\t\t<h3 class=\"elementor-heading-title elementor-size-default\">\u00c9milie and Genevi\u00e8ve form a solid, complementary duo<\/h3>\t\t\t\t<\/div>\n\t\t\t\t<\/div>\n\t\t\t\t<\/div>\n\t\t\t\t<div class=\"elementor-element elementor-element-33de092 elementor-widget elementor-widget-text-editor\" data-id=\"33de092\" data-element_type=\"widget\" data-e-type=\"widget\" data-widget_type=\"text-editor.default\">\n\t\t\t\t<div class=\"elementor-widget-container\">\n\t\t\t\t\t\t\t\t\tIn life and at work, \u00c9milie and Genevi\u00e8ve form a solid, complementary duo, like Yin and Yang. Their combined strengths serve a single purpose: to offer their customers an exceptional real estate experience. \t\t\t\t\t\t\t\t<\/div>\n\t\t\t\t<\/div>\n\t\t\t\t<div class=\"elementor-element elementor-element-e6846b4 elementor-widget elementor-widget-heading\" data-id=\"e6846b4\" data-element_type=\"widget\" data-e-type=\"widget\" data-widget_type=\"heading.default\">\n\t\t\t\t<div class=\"elementor-widget-container\">\n\t\t\t\t\t<h3 class=\"elementor-heading-title elementor-size-default\">Enjoy an exceptional real estate experience<\/h3>\t\t\t\t<\/div>\n\t\t\t\t<\/div>\n\t\t\t\t<\/div>\n\t\t<div class=\"elementor-element elementor-element-a698e66 e-con-full e-flex e-con e-child\" data-id=\"a698e66\" data-element_type=\"container\" data-e-type=\"container\" data-settings=\"{&quot;background_background&quot;:&quot;classic&quot;}\">\n\t\t\t\t<div class=\"elementor-element elementor-element-6994bb3 elementor-widget elementor-widget-image\" data-id=\"6994bb3\" data-element_type=\"widget\" data-e-type=\"widget\" data-widget_type=\"image.default\">\n\t\t\t\t<div class=\"elementor-widget-container\">\n\t\t\t\t\t\t\t\t\t\t\t\t\t\t\t<img decoding=\"async\" src=\"https:\/\/braultbrazeau.evquebec.com\/wp-content\/uploads\/2025\/02\/PA-1403_ENGELVOLKERS_duo_4.webp\" title=\"\" alt=\"\" loading=\"lazy\">\t\t\t\t\t\t\t\t\t\t\t\t\t\t\t<\/div>\n\t\t\t\t<\/div>\n\t\t\t\t<\/div>\n\t\t\t\t<\/div>\n\t\t\t\t\t<\/div>\n\t\t\t\t<\/div>\n\t\t<div class=\"elementor-element elementor-element-4749526 e-flex e-con-boxed e-con e-parent\" data-id=\"4749526\" data-element_type=\"container\" data-e-type=\"container\" data-settings=\"{&quot;background_background&quot;:&quot;classic&quot;}\">\n\t\t\t\t\t<div class=\"e-con-inner\">\n\t\t<div class=\"elementor-element elementor-element-1dea04e e-con-full e-flex e-con e-child\" data-id=\"1dea04e\" data-element_type=\"container\" data-e-type=\"container\" data-settings=\"{&quot;background_background&quot;:&quot;classic&quot;}\">\n\t\t<div class=\"elementor-element elementor-element-b74abfd e-con-full e-flex e-con e-child\" data-id=\"b74abfd\" data-element_type=\"container\" data-e-type=\"container\">\n\t\t<div class=\"elementor-element elementor-element-9313827 e-con-full e-flex e-con e-child\" data-id=\"9313827\" data-element_type=\"container\" data-e-type=\"container\" data-settings=\"{&quot;background_background&quot;:&quot;classic&quot;}\">\n\t\t\t\t<div class=\"elementor-element elementor-element-d0de9fe elementor-widget elementor-widget-image\" data-id=\"d0de9fe\" data-element_type=\"widget\" data-e-type=\"widget\" data-widget_type=\"image.default\">\n\t\t\t\t<div class=\"elementor-widget-container\">\n\t\t\t\t\t\t\t\t\t\t\t\t\t\t\t<img fetchpriority=\"high\" decoding=\"async\" width=\"516\" height=\"516\" src=\"https:\/\/droletgarant.evquebec.com\/wp-content\/uploads\/2024\/06\/124538_GenevieveDrolet.jpg\" class=\"attachment-full size-full wp-image-4170\" alt=\"\" srcset=\"https:\/\/droletgarant.evquebec.com\/wp-content\/uploads\/2024\/06\/124538_GenevieveDrolet.jpg 516w, https:\/\/droletgarant.evquebec.com\/wp-content\/uploads\/2024\/06\/124538_GenevieveDrolet-300x300.jpg 300w, https:\/\/droletgarant.evquebec.com\/wp-content\/uploads\/2024\/06\/124538_GenevieveDrolet-150x150.jpg 150w\" sizes=\"(max-width: 516px) 100vw, 516px\">\t\t\t\t\t\t\t\t\t\t\t\t\t\t\t<\/div>\n\t\t\t\t<\/div>\n\t\t\t\t<div class=\"elementor-element elementor-element-8d0a5a2 animated-slow elementor-invisible elementor-widget elementor-widget-heading\" data-id=\"8d0a5a2\" data-element_type=\"widget\" data-e-type=\"widget\" data-settings=\"{&quot;_animation&quot;:&quot;fadeInDown&quot;,&quot;_animation_delay&quot;:100}\" data-widget_type=\"heading.default\">\n\t\t\t\t<div class=\"elementor-widget-container\">\n\t\t\t\t\t<h3 class=\"elementor-heading-title elementor-size-default\">Genevi\u00e8ve Drolet<\/h3>\t\t\t\t<\/div>\n\t\t\t\t<\/div>\n\t\t\t\t<\/div>\n\t\t<div class=\"elementor-element elementor-element-bb3d21f e-con-full e-flex e-con e-child\" data-id=\"bb3d21f\" data-element_type=\"container\" data-e-type=\"container\">\n\t\t\t\t<div class=\"elementor-element elementor-element-93d5f3f elementor-widget elementor-widget-text-editor\" data-id=\"93d5f3f\" data-element_type=\"widget\" data-e-type=\"widget\" data-widget_type=\"text-editor.default\">\n\t\t\t\t<div class=\"elementor-widget-container\">\n\t\t\t\t\t\t\t\t\tWith over 25 years&#8217; experience in the world of hospitality, Genevi\u00e8ve embodies the art of entertaining, a quality she naturally transposes to the world of real estate. For the past 10 years, she has distinguished herself in the sale of new residential and high-end properties, combining formidable efficiency with a deeply human approach. \t\t\t\t\t\t\t\t<\/div>\n\t\t\t\t<\/div>\n\t\t\t\t<div class=\"elementor-element elementor-element-02cef69 elementor-widget elementor-widget-text-editor\" data-id=\"02cef69\" data-element_type=\"widget\" data-e-type=\"widget\" data-widget_type=\"text-editor.default\">\n\t\t\t\t<div class=\"elementor-widget-container\">\n\t\t\t\t\t\t\t\t\tHer active listening, intuition and sharp eye for detail make her a respected strategic advisor, as much for her professionalism as for her interpersonal sensitivity.\t\t\t\t\t\t\t\t<\/div>\n\t\t\t\t<\/div>\n\t\t\t\t<div class=\"elementor-element elementor-element-55a3694 elementor-widget elementor-widget-text-editor\" data-id=\"55a3694\" data-element_type=\"widget\" data-e-type=\"widget\" data-widget_type=\"text-editor.default\">\n\t\t\t\t<div class=\"elementor-widget-container\">\n\t\t\t\t\t\t\t\t\tA seasoned negotiator, she combines rigor, strategy and kindness in each of her mandates.\t\t\t\t\t\t\t\t<\/div>\n\t\t\t\t<\/div>\n\t\t\t\t<div class=\"elementor-element elementor-element-8ca4698 elementor-widget elementor-widget-text-editor\" data-id=\"8ca4698\" data-element_type=\"widget\" data-e-type=\"widget\" data-widget_type=\"text-editor.default\">\n\t\t\t\t<div class=\"elementor-widget-container\">\n\t\t\t\t\t\t\t\t\tGenevi\u00e8ve embodies a vision of brokerage inspired by grand hotels like the Four Seasons, where elegant service, respect for the customer&#8217;s rhythm and excellent results coexist naturally.\t\t\t\t\t\t\t\t<\/div>\n\t\t\t\t<\/div>\n\t\t\t\t<div class=\"elementor-element elementor-element-c7b7696 elementor-widget elementor-widget-text-editor\" data-id=\"c7b7696\" data-element_type=\"widget\" data-e-type=\"widget\" data-widget_type=\"text-editor.default\">\n\t\t\t\t<div class=\"elementor-widget-container\">\n\t\t\t\t\t\t\t\t\tIn life and at work, \u00c9milie and Genevi\u00e8ve form a solid, complicit and deeply complementary duo, like Yin and Yang. Their combined strengths serve a single purpose: to offer their customers an exceptional real estate experience. \t\t\t\t\t\t\t\t<\/div>\n\t\t\t\t<\/div>\n\t\t\t\t<\/div>\n\t\t\t\t<\/div>\n\t\t\t\t<\/div>\n\t\t<div class=\"elementor-element elementor-element-817da90 e-con-full e-flex e-con e-child\" data-id=\"817da90\" data-element_type=\"container\" data-e-type=\"container\" data-settings=\"{&quot;background_background&quot;:&quot;classic&quot;}\">\n\t\t<div class=\"elementor-element elementor-element-0c9a9f2 e-con-full e-flex e-con e-child\" data-id=\"0c9a9f2\" data-element_type=\"container\" data-e-type=\"container\">\n\t\t<div class=\"elementor-element elementor-element-4bfa1f8 e-con-full e-flex e-con e-child\" data-id=\"4bfa1f8\" data-element_type=\"container\" data-e-type=\"container\" data-settings=\"{&quot;background_background&quot;:&quot;classic&quot;}\">\n\t\t\t\t<div class=\"elementor-element elementor-element-075fcc8 elementor-widget elementor-widget-image\" data-id=\"075fcc8\" data-element_type=\"widget\" data-e-type=\"widget\" data-widget_type=\"image.default\">\n\t\t\t\t<div class=\"elementor-widget-container\">\n\t\t\t\t\t\t\t\t\t\t\t\t\t\t\t<img decoding=\"async\" width=\"516\" height=\"516\" src=\"https:\/\/droletgarant.evquebec.com\/wp-content\/uploads\/2024\/11\/8032_EmilieGarant.jpg\" class=\"attachment-full size-full wp-image-4168\" alt=\"\" srcset=\"https:\/\/droletgarant.evquebec.com\/wp-content\/uploads\/2024\/11\/8032_EmilieGarant.jpg 516w, https:\/\/droletgarant.evquebec.com\/wp-content\/uploads\/2024\/11\/8032_EmilieGarant-300x300.jpg 300w, https:\/\/droletgarant.evquebec.com\/wp-content\/uploads\/2024\/11\/8032_EmilieGarant-150x150.jpg 150w\" sizes=\"(max-width: 516px) 100vw, 516px\">\t\t\t\t\t\t\t\t\t\t\t\t\t\t\t<\/div>\n\t\t\t\t<\/div>\n\t\t\t\t<div class=\"elementor-element elementor-element-f26c30f animated-slow elementor-invisible elementor-widget elementor-widget-heading\" data-id=\"f26c30f\" data-element_type=\"widget\" data-e-type=\"widget\" data-settings=\"{&quot;_animation&quot;:&quot;fadeInDown&quot;,&quot;_animation_delay&quot;:100}\" data-widget_type=\"heading.default\">\n\t\t\t\t<div class=\"elementor-widget-container\">\n\t\t\t\t\t<h3 class=\"elementor-heading-title elementor-size-default\">\u00c9milie Garant<\/h3>\t\t\t\t<\/div>\n\t\t\t\t<\/div>\n\t\t\t\t<\/div>\n\t\t<div class=\"elementor-element elementor-element-af381bc e-con-full e-flex e-con e-child\" data-id=\"af381bc\" data-element_type=\"container\" data-e-type=\"container\">\n\t\t\t\t<div class=\"elementor-element elementor-element-dc0556e elementor-widget elementor-widget-text-editor\" data-id=\"dc0556e\" data-element_type=\"widget\" data-e-type=\"widget\" data-widget_type=\"text-editor.default\">\n\t\t\t\t<div class=\"elementor-widget-container\">\n\t\t\t\t\t\t\t\t\t\u00c9milie established herself early on as a woman of action and vision, with a natural eye for architecture and beauty.\t\t\t\t\t\t\t\t<\/div>\n\t\t\t\t<\/div>\n\t\t\t\t<div class=\"elementor-element elementor-element-fa6c29e elementor-widget elementor-widget-text-editor\" data-id=\"fa6c29e\" data-element_type=\"widget\" data-e-type=\"widget\" data-widget_type=\"text-editor.default\">\n\t\t\t\t<div class=\"elementor-widget-container\">\n\t\t\t\t\t\t\t\t\tTrilingual, she began her career at the age of&nbsp;21 selling new real estate projects. At&nbsp;25, she completed her first major project, a residential development worth over $40 million in Quebec City. Since then, \u00c9milie has been directing, designing and developing projects that have left their mark on the urban landscape in terms of design, functionality and the culture of beauty.  \t\t\t\t\t\t\t\t<\/div>\n\t\t\t\t<\/div>\n\t\t\t\t<div class=\"elementor-element elementor-element-eacfbda elementor-widget elementor-widget-text-editor\" data-id=\"eacfbda\" data-element_type=\"widget\" data-e-type=\"widget\" data-widget_type=\"text-editor.default\">\n\t\t\t\t<div class=\"elementor-widget-container\">\n\t\t\t\t\t\t\t\t\tHer expertise in development-construction, her eye for detail and her ability to anticipate trends make her a real added value for her clients, as she maximizes a site&#8217;s potential around a clear vision. \u00c9milie doesn&#8217;t just sell a property, she understands what it can become and how to unlock its full potential. \t\t\t\t\t\t\t\t<\/div>\n\t\t\t\t<\/div>\n\t\t\t\t<div class=\"elementor-element elementor-element-63094f4 elementor-widget elementor-widget-text-editor\" data-id=\"63094f4\" data-element_type=\"widget\" data-e-type=\"widget\" data-widget_type=\"text-editor.default\">\n\t\t\t\t<div class=\"elementor-widget-container\">\n\t\t\t\t\t\t\t\t\tHer transition to real estate brokerage was born of a clear desire to put her expertise as a developer at the service of her customers in a caring and human way, accompanying them with active listening.\t\t\t\t\t\t\t\t<\/div>\n\t\t\t\t<\/div>\n\t\t\t\t<div class=\"elementor-element elementor-element-0a7029e elementor-widget elementor-widget-text-editor\" data-id=\"0a7029e\" data-element_type=\"widget\" data-e-type=\"widget\" data-widget_type=\"text-editor.default\">\n\t\t\t\t<div class=\"elementor-widget-container\">\n\t\t\t\t\t\t\t\t\tIn life and at work, \u00c9milie and Genevi\u00e8ve form a solid, complementary duo, like Yin and Yang. Their combined strengths serve a single purpose: to offer their customers an exceptional real estate experience. \t\t\t\t\t\t\t\t<\/div>\n\t\t\t\t<\/div>\n\t\t\t\t<\/div>\n\t\t\t\t<\/div>\n\t\t\t\t<\/div>\n\t\t\t\t\t<\/div>\n\t\t\t\t<\/div>\n\t\t<div class=\"elementor-element elementor-element-5f02da2 e-flex e-con-boxed e-con e-parent\" data-id=\"5f02da2\" data-element_type=\"container\" data-e-type=\"container\" data-settings=\"{&quot;background_background&quot;:&quot;classic&quot;}\">\n\t\t\t\t\t<div class=\"e-con-inner\">\n\t\t<div class=\"elementor-element elementor-element-11fb69b e-con-full e-flex e-con e-child\" data-id=\"11fb69b\" data-element_type=\"container\" data-e-type=\"container\">\n\t\t\t\t<div class=\"elementor-element elementor-element-d9eca79 animated-slow elementor-invisible elementor-widget elementor-widget-heading\" data-id=\"d9eca79\" data-element_type=\"widget\" data-e-type=\"widget\" data-settings=\"{&quot;_animation&quot;:&quot;fadeInDown&quot;,&quot;_animation_delay&quot;:100}\" data-widget_type=\"heading.default\">\n\t\t\t\t<div class=\"elementor-widget-container\">\n\t\t\t\t\t<h3 class=\"elementor-heading-title elementor-size-default\">About ENGEL &amp; V\u00d6LKERS<\/h3>\t\t\t\t<\/div>\n\t\t\t\t<\/div>\n\t\t\t\t<\/div>\n\t\t<div class=\"elementor-element elementor-element-6e92e3d e-con-full e-flex e-con e-child\" data-id=\"6e92e3d\" data-element_type=\"container\" data-e-type=\"container\">\n\t\t<div class=\"elementor-element elementor-element-3d71d25 e-con-full animated-slow e-flex elementor-invisible e-con e-child\" data-id=\"3d71d25\" data-element_type=\"container\" data-e-type=\"container\" data-settings=\"{&quot;background_background&quot;:&quot;classic&quot;,&quot;animation&quot;:&quot;fadeIn&quot;,&quot;animation_delay&quot;:300}\">\n\t\t\t\t<div class=\"elementor-element elementor-element-eaded16 elementor-widget elementor-widget-image\" data-id=\"eaded16\" data-element_type=\"widget\" data-e-type=\"widget\" data-widget_type=\"image.default\">\n\t\t\t\t<div class=\"elementor-widget-container\">\n\t\t\t\t\t\t\t\t\t\t\t\t\t\t\t<img decoding=\"async\" width=\"1336\" height=\"752\" src=\"https:\/\/droletgarant.evquebec.com\/wp-content\/uploads\/2024\/06\/carte-EV-FR.webp\" class=\"attachment-full size-full wp-image-2291\" alt=\"\" srcset=\"https:\/\/droletgarant.evquebec.com\/wp-content\/uploads\/2024\/06\/carte-EV-FR.webp 1336w, https:\/\/droletgarant.evquebec.com\/wp-content\/uploads\/2024\/06\/carte-EV-FR-300x169.webp 300w, https:\/\/droletgarant.evquebec.com\/wp-content\/uploads\/2024\/06\/carte-EV-FR-1024x576.webp 1024w, https:\/\/droletgarant.evquebec.com\/wp-content\/uploads\/2024\/06\/carte-EV-FR-768x432.webp 768w\" sizes=\"(max-width: 1336px) 100vw, 1336px\">\t\t\t\t\t\t\t\t\t\t\t\t\t\t\t<\/div>\n\t\t\t\t<\/div>\n\t\t\t\t<\/div>\n\t\t<div class=\"elementor-element elementor-element-16b75f4 e-con-full e-flex e-con e-child\" data-id=\"16b75f4\" data-element_type=\"container\" data-e-type=\"container\">\n\t\t<div class=\"elementor-element elementor-element-b37e20d e-con-full e-flex e-con e-child\" data-id=\"b37e20d\" data-element_type=\"container\" data-e-type=\"container\">\n\t\t\t\t<div class=\"elementor-element elementor-element-70a2cc5 animated-slow elementor-invisible elementor-widget elementor-widget-heading\" data-id=\"70a2cc5\" data-element_type=\"widget\" data-e-type=\"widget\" data-settings=\"{&quot;_animation&quot;:&quot;fadeInDown&quot;,&quot;_animation_delay&quot;:100}\" data-widget_type=\"heading.default\">\n\t\t\t\t<div class=\"elementor-widget-container\">\n\t\t\t\t\t<h4 class=\"elementor-heading-title elementor-size-default\">Reaching new heights every day\n<\/h4>\t\t\t\t<\/div>\n\t\t\t\t<\/div>\n\t\t\t\t<div class=\"elementor-element elementor-element-9be7195 elementor-widget elementor-widget-heading\" data-id=\"9be7195\" data-element_type=\"widget\" data-e-type=\"widget\" data-widget_type=\"heading.default\">\n\t\t\t\t<div class=\"elementor-widget-container\">\n\t\t\t\t\t<h5 class=\"elementor-heading-title elementor-size-default\">Passionate about real estate\n<\/h5>\t\t\t\t<\/div>\n\t\t\t\t<\/div>\n\t\t\t\t<\/div>\n\t\t\t\t<div class=\"elementor-element elementor-element-893317e elementor-widget elementor-widget-text-editor\" data-id=\"893317e\" data-element_type=\"widget\" data-e-type=\"widget\" data-widget_type=\"text-editor.default\">\n\t\t\t\t<div class=\"elementor-widget-container\">\n\t\t\t\t\t\t\t\t\tFounded in Germany in 1977, Engel &amp; V\u00f6lkers began its European expansion in 1990 and successfully established itself in the Americas in 2013. To satisfy the distinct needs of builders, developers and investors, Development Services is created in 2019. Thus, for more than 45 years, Engel &amp; V\u00f6lkers have specialized in residential and commercial real estate services in the premium segment. More than 16,600 people work under the Engel &amp; V\u00f6lkers brand in over 35 countries on 5 continents and at more than 1,000 locations. The values they stand for are competence, exclusivity and passion.\t\t\t\t\t\t\t\t<\/div>\n\t\t\t\t<\/div>\n\t\t\t\t<\/div>\n\t\t\t\t<\/div>\n\t\t\t\t\t<\/div>\n\t\t\t\t<\/div>\n\t\t\t\t<\/div>\n\t\t","protected":false},"excerpt":{"rendered":"<p>\u00c9milie and Genevi\u00e8ve form a solid, complementary duo In life and at work, \u00c9milie and Genevi\u00e8ve form a solid, complementary [&hellip;]<\/p>\n","protected":false},"author":1,"featured_media":0,"parent":0,"menu_order":0,"comment_status":"closed","ping_status":"closed","template":"","meta":{"_acf_changed":false,"site-sidebar-layout":"no-sidebar","site-content-layout":"","ast-site-content-layout":"full-width-container","site-content-style":"default","site-sidebar-style":"default","ast-global-header-display":"","ast-banner-title-visibility":"","ast-main-header-display":"","ast-hfb-above-header-display":"","ast-hfb-below-header-display":"","ast-hfb-mobile-header-display":"","site-post-title":"disabled","ast-breadcrumbs-content":"","ast-featured-img":"disabled","footer-sml-layout":"","ast-disable-related-posts":"","theme-transparent-header-meta":"","adv-header-id-meta":"","stick-header-meta":"","header-above-stick-meta":"","header-main-stick-meta":"","header-below-stick-meta":"","astra-migrate-meta-layouts":"default","ast-page-background-enabled":"default","ast-page-background-meta":{"desktop":{"background-color":"var(--ast-global-color-4)","background-image":"","background-repeat":"repeat","background-position":"center center","background-size":"auto","background-attachment":"scroll","background-type":"","background-media":"","overlay-type":"","overlay-color":"","overlay-opacity":"","overlay-gradient":""},"tablet":{"background-color":"","background-image":"","background-repeat":"repeat","background-position":"center center","background-size":"auto","background-attachment":"scroll","background-type":"","background-media":"","overlay-type":"","overlay-color":"","overlay-opacity":"","overlay-gradient":""},"mobile":{"background-color":"","background-image":"","background-repeat":"repeat","background-position":"center center","background-size":"auto","background-attachment":"scroll","background-type":"","background-media":"","overlay-type":"","overlay-color":"","overlay-opacity":"","overlay-gradient":""}},"ast-content-background-meta":{"desktop":{"background-color":"var(--ast-global-color-5)","background-image":"","background-repeat":"repeat","background-position":"center center","background-size":"auto","background-attachment":"scroll","background-type":"","background-media":"","overlay-type":"","overlay-color":"","overlay-opacity":"","overlay-gradient":""},"tablet":{"background-color":"var(--ast-global-color-5)","background-image":"","background-repeat":"repeat","background-position":"center center","background-size":"auto","background-attachment":"scroll","background-type":"","background-media":"","overlay-type":"","overlay-color":"","overlay-opacity":"","overlay-gradient":""},"mobile":{"background-color":"var(--ast-global-color-5)","background-image":"","background-repeat":"repeat","background-position":"center center","background-size":"auto","background-attachment":"scroll","background-type":"","background-media":"","overlay-type":"","overlay-color":"","overlay-opacity":"","overlay-gradient":""}},"footnotes":""},"class_list":["post-1802","page","type-page","status-publish","hentry"],"acf":[],"_links":{"self":[{"href":"https:\/\/droletgarant.evquebec.com\/en\/wp-json\/wp\/v2\/pages\/1802","targetHints":{"allow":["GET"]}}],"collection":[{"href":"https:\/\/droletgarant.evquebec.com\/en\/wp-json\/wp\/v2\/pages"}],"about":[{"href":"https:\/\/droletgarant.evquebec.com\/en\/wp-json\/wp\/v2\/types\/page"}],"author":[{"embeddable":true,"href":"https:\/\/droletgarant.evquebec.com\/en\/wp-json\/wp\/v2\/users\/1"}],"replies":[{"embeddable":true,"href":"https:\/\/droletgarant.evquebec.com\/en\/wp-json\/wp\/v2\/comments?post=1802"}],"version-history":[{"count":10,"href":"https:\/\/droletgarant.evquebec.com\/en\/wp-json\/wp\/v2\/pages\/1802\/revisions"}],"predecessor-version":[{"id":4197,"href":"https:\/\/droletgarant.evquebec.com\/en\/wp-json\/wp\/v2\/pages\/1802\/revisions\/4197"}],"wp:attachment":[{"href":"https:\/\/droletgarant.evquebec.com\/en\/wp-json\/wp\/v2\/media?parent=1802"}],"curies":[{"name":"wp","href":"https:\/\/api.w.org\/{rel}","templated":true}]}}